{"id":113,"date":"2023-07-27T19:14:13","date_gmt":"2023-07-27T19:14:13","guid":{"rendered":"https:\/\/kittyshop.hu\/?post_type=product&#038;p=113"},"modified":"2023-07-27T19:15:32","modified_gmt":"2023-07-27T19:15:32","slug":"csiszolofej-szett","status":"publish","type":"product","link":"https:\/\/kittyshop.hu\/?product=csiszolofej-szett","title":{"rendered":"CSISZOL\u00d3FEJ SZETT"},"content":{"rendered":"<p>6 DARABOS SZETT<\/p>\n<p>2 KER\u00c1MIA, 3 MANIK\u0170R ES 1 FR\u00c9ZER TISZT\u00cdT\u00d3 FEJ<\/p>\n","protected":false},"excerpt":{"rendered":"<p>6 DARABOS SZETT<\/p>\n<p>2 KER\u00c1MIA, 3 MANIK\u0170R ES 1 FR\u00c9ZER TISZT\u00cdT\u00d3 FEJ<\/p>\n","protected":false},"featured_media":114,"comment_status":"closed","ping_status":"closed","template":"","meta":{"_et_pb_use_builder":"","_et_pb_old_content":"","_et_gb_content_width":""},"product_cat":[28,34,25],"product_tag":[],"class_list":{"0":"post-113","1":"product","2":"type-product","3":"status-publish","4":"has-post-thumbnail","6":"product_cat-csiszolo-fejek","7":"product_cat-heti-akciok","8":"product_cat-mukormos-termekek","10":"first","11":"instock","12":"shipping-taxable","13":"purchasable","14":"product-type-simple"},"_links":{"self":[{"href":"https:\/\/kittyshop.hu\/index.php?rest_route=\/wp\/v2\/product\/113","targetHints":{"allow":["GET"]}}],"collection":[{"href":"https:\/\/kittyshop.hu\/index.php?rest_route=\/wp\/v2\/product"}],"about":[{"href":"https:\/\/kittyshop.hu\/index.php?rest_route=\/wp\/v2\/types\/product"}],"replies":[{"embeddable":true,"href":"https:\/\/kittyshop.hu\/index.php?rest_route=%2Fwp%2Fv2%2Fcomments&post=113"}],"wp:featuredmedia":[{"embeddable":true,"href":"https:\/\/kittyshop.hu\/index.php?rest_route=\/wp\/v2\/media\/114"}],"wp:attachment":[{"href":"https:\/\/kittyshop.hu\/index.php?rest_route=%2Fwp%2Fv2%2Fmedia&parent=113"}],"wp:term":[{"taxonomy":"product_cat","embeddable":true,"href":"https:\/\/kittyshop.hu\/index.php?rest_route=%2Fwp%2Fv2%2Fproduct_cat&post=113"},{"taxonomy":"product_tag","embeddable":true,"href":"https:\/\/kittyshop.hu\/index.php?rest_route=%2Fwp%2Fv2%2Fproduct_tag&post=113"}],"curies":[{"name":"wp","href":"https:\/\/api.w.org\/{rel}","templated":true}]}}