{"id":153,"date":"2023-08-19T17:19:02","date_gmt":"2023-08-19T17:19:02","guid":{"rendered":"https:\/\/kittyshop.hu\/?post_type=product&#038;p=153"},"modified":"2023-08-19T17:19:02","modified_gmt":"2023-08-19T17:19:02","slug":"rozsaszin-hologram-por","status":"publish","type":"product","link":"https:\/\/kittyshop.hu\/?product=rozsaszin-hologram-por","title":{"rendered":"R\u00d3ZSASZ\u00cdN HOLOGRAM POR"},"content":{"rendered":"<p>GY\u00d6NY\u00d6R\u0170EN CSILLOG.<\/p>\n<p>EGYSZER\u0170 \u00c9S GYORS HASZN\u00c1LAT<\/p>\n","protected":false},"excerpt":{"rendered":"<p>GY\u00d6NY\u00d6R\u0170 CSILLOG\u00c1S.<\/p>\n<p>EGYSZER\u0170 \u00c9S GYORS HASZN\u00c1LAT<\/p>\n","protected":false},"featured_media":154,"comment_status":"closed","ping_status":"closed","template":"","meta":{"_et_pb_use_builder":"","_et_pb_old_content":"","_et_gb_content_width":""},"product_cat":[41,25],"product_tag":[],"class_list":{"0":"post-153","1":"product","2":"type-product","3":"status-publish","4":"has-post-thumbnail","6":"product_cat-diszito-termekek","7":"product_cat-mukormos-termekek","9":"first","10":"instock","11":"shipping-taxable","12":"purchasable","13":"product-type-simple"},"_links":{"self":[{"href":"https:\/\/kittyshop.hu\/index.php?rest_route=\/wp\/v2\/product\/153","targetHints":{"allow":["GET"]}}],"collection":[{"href":"https:\/\/kittyshop.hu\/index.php?rest_route=\/wp\/v2\/product"}],"about":[{"href":"https:\/\/kittyshop.hu\/index.php?rest_route=\/wp\/v2\/types\/product"}],"replies":[{"embeddable":true,"href":"https:\/\/kittyshop.hu\/index.php?rest_route=%2Fwp%2Fv2%2Fcomments&post=153"}],"wp:featuredmedia":[{"embeddable":true,"href":"https:\/\/kittyshop.hu\/index.php?rest_route=\/wp\/v2\/media\/154"}],"wp:attachment":[{"href":"https:\/\/kittyshop.hu\/index.php?rest_route=%2Fwp%2Fv2%2Fmedia&parent=153"}],"wp:term":[{"taxonomy":"product_cat","embeddable":true,"href":"https:\/\/kittyshop.hu\/index.php?rest_route=%2Fwp%2Fv2%2Fproduct_cat&post=153"},{"taxonomy":"product_tag","embeddable":true,"href":"https:\/\/kittyshop.hu\/index.php?rest_route=%2Fwp%2Fv2%2Fproduct_tag&post=153"}],"curies":[{"name":"wp","href":"https:\/\/api.w.org\/{rel}","templated":true}]}}