{"id":166,"date":"2023-08-19T18:19:20","date_gmt":"2023-08-19T18:19:20","guid":{"rendered":"https:\/\/kittyshop.hu\/?post_type=product&#038;p=166"},"modified":"2023-08-19T18:19:20","modified_gmt":"2023-08-19T18:19:20","slug":"kup-frezer","status":"publish","type":"product","link":"https:\/\/kittyshop.hu\/?product=kup-frezer","title":{"rendered":"K\u00daP FR\u00c9ZER"},"content":{"rendered":"<p>AMI KELL!<\/p>\n<p>GYORS \u00c9S K\u00d6NNY\u0170 HASZN\u00c1LNI<\/p>\n","protected":false},"excerpt":{"rendered":"<p>AMI KELL!<\/p>\n<p>GYORS \u00c9S K\u00d6NNY\u0170 HASZN\u00c1LNI<\/p>\n","protected":false},"featured_media":169,"comment_status":"closed","ping_status":"closed","template":"","meta":{"_et_pb_use_builder":"","_et_pb_old_content":"","_et_gb_content_width":""},"product_cat":[28,25],"product_tag":[],"class_list":{"0":"post-166","1":"product","2":"type-product","3":"status-publish","4":"has-post-thumbnail","6":"product_cat-csiszolo-fejek","7":"product_cat-mukormos-termekek","9":"first","10":"instock","11":"shipping-taxable","12":"purchasable","13":"product-type-simple"},"_links":{"self":[{"href":"https:\/\/kittyshop.hu\/index.php?rest_route=\/wp\/v2\/product\/166","targetHints":{"allow":["GET"]}}],"collection":[{"href":"https:\/\/kittyshop.hu\/index.php?rest_route=\/wp\/v2\/product"}],"about":[{"href":"https:\/\/kittyshop.hu\/index.php?rest_route=\/wp\/v2\/types\/product"}],"replies":[{"embeddable":true,"href":"https:\/\/kittyshop.hu\/index.php?rest_route=%2Fwp%2Fv2%2Fcomments&post=166"}],"wp:featuredmedia":[{"embeddable":true,"href":"https:\/\/kittyshop.hu\/index.php?rest_route=\/wp\/v2\/media\/169"}],"wp:attachment":[{"href":"https:\/\/kittyshop.hu\/index.php?rest_route=%2Fwp%2Fv2%2Fmedia&parent=166"}],"wp:term":[{"taxonomy":"product_cat","embeddable":true,"href":"https:\/\/kittyshop.hu\/index.php?rest_route=%2Fwp%2Fv2%2Fproduct_cat&post=166"},{"taxonomy":"product_tag","embeddable":true,"href":"https:\/\/kittyshop.hu\/index.php?rest_route=%2Fwp%2Fv2%2Fproduct_tag&post=166"}],"curies":[{"name":"wp","href":"https:\/\/api.w.org\/{rel}","templated":true}]}}