{"id":178,"date":"2023-08-21T12:14:48","date_gmt":"2023-08-21T12:14:48","guid":{"rendered":"https:\/\/kittyshop.hu\/?post_type=product&#038;p=178"},"modified":"2023-08-21T12:14:48","modified_gmt":"2023-08-21T12:14:48","slug":"vekony-diszito-ecset","status":"publish","type":"product","link":"https:\/\/kittyshop.hu\/?product=vekony-diszito-ecset","title":{"rendered":"V\u00c9KONY DISZ\u00cdT\u0150 ECSET"},"content":{"rendered":"<p>3 DB \/ SZETT<\/p>\n<p>D\u00cdSZ\u00cdT\u00d6 ECSET<\/p>\n","protected":false},"excerpt":{"rendered":"<p>3 DB \/ SZETT<\/p>\n<p>DISZ\u00cdT\u00d6 ECSET<\/p>\n","protected":false},"featured_media":180,"comment_status":"closed","ping_status":"closed","template":"","meta":{"_et_pb_use_builder":"","_et_pb_old_content":"","_et_gb_content_width":""},"product_cat":[40,25],"product_tag":[],"class_list":{"0":"post-178","1":"product","2":"type-product","3":"status-publish","4":"has-post-thumbnail","6":"product_cat-ecsetek","7":"product_cat-mukormos-termekek","9":"first","10":"instock","11":"shipping-taxable","12":"purchasable","13":"product-type-simple"},"_links":{"self":[{"href":"https:\/\/kittyshop.hu\/index.php?rest_route=\/wp\/v2\/product\/178","targetHints":{"allow":["GET"]}}],"collection":[{"href":"https:\/\/kittyshop.hu\/index.php?rest_route=\/wp\/v2\/product"}],"about":[{"href":"https:\/\/kittyshop.hu\/index.php?rest_route=\/wp\/v2\/types\/product"}],"replies":[{"embeddable":true,"href":"https:\/\/kittyshop.hu\/index.php?rest_route=%2Fwp%2Fv2%2Fcomments&post=178"}],"wp:featuredmedia":[{"embeddable":true,"href":"https:\/\/kittyshop.hu\/index.php?rest_route=\/wp\/v2\/media\/180"}],"wp:attachment":[{"href":"https:\/\/kittyshop.hu\/index.php?rest_route=%2Fwp%2Fv2%2Fmedia&parent=178"}],"wp:term":[{"taxonomy":"product_cat","embeddable":true,"href":"https:\/\/kittyshop.hu\/index.php?rest_route=%2Fwp%2Fv2%2Fproduct_cat&post=178"},{"taxonomy":"product_tag","embeddable":true,"href":"https:\/\/kittyshop.hu\/index.php?rest_route=%2Fwp%2Fv2%2Fproduct_tag&post=178"}],"curies":[{"name":"wp","href":"https:\/\/api.w.org\/{rel}","templated":true}]}}