{"id":181,"date":"2023-08-21T12:18:39","date_gmt":"2023-08-21T12:18:39","guid":{"rendered":"https:\/\/kittyshop.hu\/?post_type=product&#038;p=181"},"modified":"2023-08-21T12:18:39","modified_gmt":"2023-08-21T12:18:39","slug":"sellopor","status":"publish","type":"product","link":"https:\/\/kittyshop.hu\/?product=sellopor","title":{"rendered":"SELL\u0150POR"},"content":{"rendered":"<p>VIL\u00c1G\u00cdT A S\u00d6T\u00c9TBEN.<\/p>\n<p>6 SZ\u00cdN<\/p>\n","protected":false},"excerpt":{"rendered":"<p>VIL\u00c1G\u00cdT A S\u00d6T\u00c9TBEN.<\/p>\n<p>6 SZ\u00cdN<\/p>\n","protected":false},"featured_media":182,"comment_status":"closed","ping_status":"closed","template":"","meta":{"_et_pb_use_builder":"","_et_pb_old_content":"","_et_gb_content_width":""},"product_cat":[41,25],"product_tag":[],"class_list":{"0":"post-181","1":"product","2":"type-product","3":"status-publish","4":"has-post-thumbnail","6":"product_cat-diszito-termekek","7":"product_cat-mukormos-termekek","9":"first","10":"instock","11":"shipping-taxable","12":"purchasable","13":"product-type-simple"},"_links":{"self":[{"href":"https:\/\/kittyshop.hu\/index.php?rest_route=\/wp\/v2\/product\/181","targetHints":{"allow":["GET"]}}],"collection":[{"href":"https:\/\/kittyshop.hu\/index.php?rest_route=\/wp\/v2\/product"}],"about":[{"href":"https:\/\/kittyshop.hu\/index.php?rest_route=\/wp\/v2\/types\/product"}],"replies":[{"embeddable":true,"href":"https:\/\/kittyshop.hu\/index.php?rest_route=%2Fwp%2Fv2%2Fcomments&post=181"}],"wp:featuredmedia":[{"embeddable":true,"href":"https:\/\/kittyshop.hu\/index.php?rest_route=\/wp\/v2\/media\/182"}],"wp:attachment":[{"href":"https:\/\/kittyshop.hu\/index.php?rest_route=%2Fwp%2Fv2%2Fmedia&parent=181"}],"wp:term":[{"taxonomy":"product_cat","embeddable":true,"href":"https:\/\/kittyshop.hu\/index.php?rest_route=%2Fwp%2Fv2%2Fproduct_cat&post=181"},{"taxonomy":"product_tag","embeddable":true,"href":"https:\/\/kittyshop.hu\/index.php?rest_route=%2Fwp%2Fv2%2Fproduct_tag&post=181"}],"curies":[{"name":"wp","href":"https:\/\/api.w.org\/{rel}","templated":true}]}}