{"id":2223,"date":"2024-05-21T14:09:59","date_gmt":"2024-05-21T14:09:59","guid":{"rendered":"https:\/\/kittyshop.hu\/?post_type=product&#038;p=2223"},"modified":"2024-12-19T05:26:26","modified_gmt":"2024-12-19T05:26:26","slug":"ombre-ecset","status":"publish","type":"product","link":"https:\/\/kittyshop.hu\/?product=ombre-ecset","title":{"rendered":"Ombre Ecset"},"content":{"rendered":"<p>K\u00f6nny\u0171 vele \u00e1tmenetet k\u00e9sz\u00edteni.<\/p>\n<p><a href=\"https:\/\/www.rolexreplicaswissmade.com\/Watches\/Daytona.php\" rel=\"nofollow\">Replica rolex Daytona<\/a>\u00a0present an accessible avenue for watch enthusiasts who yearn to bask in the aesthetics.<\/p>\n","protected":false},"excerpt":{"rendered":"<p>K\u00f6nny\u0171 vele \u00e1tmenetet k\u00e9sz\u00edteni.<\/p>\n","protected":false},"featured_media":2208,"comment_status":"closed","ping_status":"closed","template":"","meta":{"_et_pb_use_builder":"","_et_pb_old_content":"","_et_gb_content_width":""},"product_cat":[40,25],"product_tag":[],"class_list":{"0":"post-2223","1":"product","2":"type-product","3":"status-publish","4":"has-post-thumbnail","6":"product_cat-ecsetek","7":"product_cat-mukormos-termekek","9":"first","10":"instock","11":"shipping-taxable","12":"purchasable","13":"product-type-simple"},"_links":{"self":[{"href":"https:\/\/kittyshop.hu\/index.php?rest_route=\/wp\/v2\/product\/2223","targetHints":{"allow":["GET"]}}],"collection":[{"href":"https:\/\/kittyshop.hu\/index.php?rest_route=\/wp\/v2\/product"}],"about":[{"href":"https:\/\/kittyshop.hu\/index.php?rest_route=\/wp\/v2\/types\/product"}],"replies":[{"embeddable":true,"href":"https:\/\/kittyshop.hu\/index.php?rest_route=%2Fwp%2Fv2%2Fcomments&post=2223"}],"wp:featuredmedia":[{"embeddable":true,"href":"https:\/\/kittyshop.hu\/index.php?rest_route=\/wp\/v2\/media\/2208"}],"wp:attachment":[{"href":"https:\/\/kittyshop.hu\/index.php?rest_route=%2Fwp%2Fv2%2Fmedia&parent=2223"}],"wp:term":[{"taxonomy":"product_cat","embeddable":true,"href":"https:\/\/kittyshop.hu\/index.php?rest_route=%2Fwp%2Fv2%2Fproduct_cat&post=2223"},{"taxonomy":"product_tag","embeddable":true,"href":"https:\/\/kittyshop.hu\/index.php?rest_route=%2Fwp%2Fv2%2Fproduct_tag&post=2223"}],"curies":[{"name":"wp","href":"https:\/\/api.w.org\/{rel}","templated":true}]}}