{"id":258,"date":"2023-10-08T11:00:37","date_gmt":"2023-10-08T11:00:37","guid":{"rendered":"https:\/\/kittyshop.hu\/?post_type=product&#038;p=258"},"modified":"2024-05-21T10:24:17","modified_gmt":"2024-05-21T10:24:17","slug":"gel-lakk-3","status":"publish","type":"product","link":"https:\/\/kittyshop.hu\/?product=gel-lakk-3","title":{"rendered":"G\u00e9l lakk"},"content":{"rendered":"<p>Rugalmas, j\u00f3l pigment\u00e1lt.<\/p>\n","protected":false},"excerpt":{"rendered":"<p>Rugalmas, j\u00f3l pigment\u00e1lt.<\/p>\n","protected":false},"featured_media":236,"comment_status":"closed","ping_status":"closed","template":"","meta":{"_et_pb_use_builder":"","_et_pb_old_content":"","_et_gb_content_width":""},"product_cat":[26,25],"product_tag":[],"class_list":{"0":"post-258","1":"product","2":"type-product","3":"status-publish","4":"has-post-thumbnail","6":"product_cat-gel-lakkok-fedok","7":"product_cat-mukormos-termekek","9":"first","10":"instock","11":"shipping-taxable","12":"purchasable","13":"product-type-simple"},"_links":{"self":[{"href":"https:\/\/kittyshop.hu\/index.php?rest_route=\/wp\/v2\/product\/258","targetHints":{"allow":["GET"]}}],"collection":[{"href":"https:\/\/kittyshop.hu\/index.php?rest_route=\/wp\/v2\/product"}],"about":[{"href":"https:\/\/kittyshop.hu\/index.php?rest_route=\/wp\/v2\/types\/product"}],"replies":[{"embeddable":true,"href":"https:\/\/kittyshop.hu\/index.php?rest_route=%2Fwp%2Fv2%2Fcomments&post=258"}],"wp:featuredmedia":[{"embeddable":true,"href":"https:\/\/kittyshop.hu\/index.php?rest_route=\/wp\/v2\/media\/236"}],"wp:attachment":[{"href":"https:\/\/kittyshop.hu\/index.php?rest_route=%2Fwp%2Fv2%2Fmedia&parent=258"}],"wp:term":[{"taxonomy":"product_cat","embeddable":true,"href":"https:\/\/kittyshop.hu\/index.php?rest_route=%2Fwp%2Fv2%2Fproduct_cat&post=258"},{"taxonomy":"product_tag","embeddable":true,"href":"https:\/\/kittyshop.hu\/index.php?rest_route=%2Fwp%2Fv2%2Fproduct_tag&post=258"}],"curies":[{"name":"wp","href":"https:\/\/api.w.org\/{rel}","templated":true}]}}