{"id":358,"date":"2023-10-26T14:32:12","date_gmt":"2023-10-26T14:32:12","guid":{"rendered":"https:\/\/kittyshop.hu\/?post_type=product&#038;p=358"},"modified":"2025-05-22T18:14:48","modified_gmt":"2025-05-22T18:14:48","slug":"celebrity-woman-edt-50-ml-yodeyma","status":"publish","type":"product","link":"https:\/\/kittyshop.hu\/?product=celebrity-woman-edt-50-ml-yodeyma","title":{"rendered":"Celebrity Woman  50 ml- Yodeyma"},"content":{"rendered":"<p>Eau de Parfum 50 ml<\/p>\n<p>Keleties, Vir\u00e1gos, \u00c9leter\u0151s \u00e9s Vid\u00e1m illat<\/p>\n<p>Fejillat: Fekete Ribizke<\/p>\n<p>Sz\u00edvillat: \u00cdrisz<\/p>\n","protected":false},"excerpt":{"rendered":"<p>Keleties, Vir\u00e1gos, \u00c9leter\u0151s \u00e9s Vid\u00e1m illat<\/p>\n<p>Fejillat: Fekete Ribizke<\/p>\n<p>Sz\u00edvillat: \u00cdrisz<\/p>\n","protected":false},"featured_media":356,"comment_status":"closed","ping_status":"closed","template":"","meta":{"_et_pb_use_builder":"","_et_pb_old_content":"","_et_gb_content_width":""},"product_cat":[39],"product_tag":[],"class_list":{"0":"post-358","1":"product","2":"type-product","3":"status-publish","4":"has-post-thumbnail","6":"product_cat-yodema-parfumok","8":"first","9":"instock","10":"shipping-taxable","11":"purchasable","12":"product-type-simple"},"_links":{"self":[{"href":"https:\/\/kittyshop.hu\/index.php?rest_route=\/wp\/v2\/product\/358","targetHints":{"allow":["GET"]}}],"collection":[{"href":"https:\/\/kittyshop.hu\/index.php?rest_route=\/wp\/v2\/product"}],"about":[{"href":"https:\/\/kittyshop.hu\/index.php?rest_route=\/wp\/v2\/types\/product"}],"replies":[{"embeddable":true,"href":"https:\/\/kittyshop.hu\/index.php?rest_route=%2Fwp%2Fv2%2Fcomments&post=358"}],"wp:featuredmedia":[{"embeddable":true,"href":"https:\/\/kittyshop.hu\/index.php?rest_route=\/wp\/v2\/media\/356"}],"wp:attachment":[{"href":"https:\/\/kittyshop.hu\/index.php?rest_route=%2Fwp%2Fv2%2Fmedia&parent=358"}],"wp:term":[{"taxonomy":"product_cat","embeddable":true,"href":"https:\/\/kittyshop.hu\/index.php?rest_route=%2Fwp%2Fv2%2Fproduct_cat&post=358"},{"taxonomy":"product_tag","embeddable":true,"href":"https:\/\/kittyshop.hu\/index.php?rest_route=%2Fwp%2Fv2%2Fproduct_tag&post=358"}],"curies":[{"name":"wp","href":"https:\/\/api.w.org\/{rel}","templated":true}]}}