{"id":360,"date":"2023-10-26T14:40:47","date_gmt":"2023-10-26T14:40:47","guid":{"rendered":"https:\/\/kittyshop.hu\/?post_type=product&#038;p=360"},"modified":"2025-12-01T13:36:06","modified_gmt":"2025-12-01T13:36:06","slug":"boreal-50-ml-yodeyma","status":"publish","type":"product","link":"https:\/\/kittyshop.hu\/?product=boreal-50-ml-yodeyma","title":{"rendered":"Boreal 50 ml &#8211; Yodeyma"},"content":{"rendered":"<p>Eau de Parfum 50 ml.<\/p>\n<p>Fejillat: J\u00e1zmin<\/p>\n<p>Sz\u00edvillat: S\u00e1fr\u00e1ny<\/p>\n","protected":false},"excerpt":{"rendered":"<p>Eau de Parfum 50 ml.<\/p>\n<p>Fejillat: J\u00e1zmin<\/p>\n<p>Sz\u00edvillat: S\u00e1fr\u00e1ny<\/p>\n","protected":false},"featured_media":353,"comment_status":"closed","ping_status":"closed","template":"","meta":{"_et_pb_use_builder":"","_et_pb_old_content":"","_et_gb_content_width":""},"product_cat":[39],"product_tag":[],"class_list":{"0":"post-360","1":"product","2":"type-product","3":"status-publish","4":"has-post-thumbnail","6":"product_cat-yodema-parfumok","8":"first","9":"instock","10":"shipping-taxable","11":"purchasable","12":"product-type-simple"},"_links":{"self":[{"href":"https:\/\/kittyshop.hu\/index.php?rest_route=\/wp\/v2\/product\/360","targetHints":{"allow":["GET"]}}],"collection":[{"href":"https:\/\/kittyshop.hu\/index.php?rest_route=\/wp\/v2\/product"}],"about":[{"href":"https:\/\/kittyshop.hu\/index.php?rest_route=\/wp\/v2\/types\/product"}],"replies":[{"embeddable":true,"href":"https:\/\/kittyshop.hu\/index.php?rest_route=%2Fwp%2Fv2%2Fcomments&post=360"}],"wp:featuredmedia":[{"embeddable":true,"href":"https:\/\/kittyshop.hu\/index.php?rest_route=\/wp\/v2\/media\/353"}],"wp:attachment":[{"href":"https:\/\/kittyshop.hu\/index.php?rest_route=%2Fwp%2Fv2%2Fmedia&parent=360"}],"wp:term":[{"taxonomy":"product_cat","embeddable":true,"href":"https:\/\/kittyshop.hu\/index.php?rest_route=%2Fwp%2Fv2%2Fproduct_cat&post=360"},{"taxonomy":"product_tag","embeddable":true,"href":"https:\/\/kittyshop.hu\/index.php?rest_route=%2Fwp%2Fv2%2Fproduct_tag&post=360"}],"curies":[{"name":"wp","href":"https:\/\/api.w.org\/{rel}","templated":true}]}}